{"id":33,"date":"2024-04-30T16:49:59","date_gmt":"2024-04-30T19:49:59","guid":{"rendered":"https:\/\/luchesiadv.com.br\/?page_id=33"},"modified":"2024-07-10T13:57:11","modified_gmt":"2024-07-10T16:57:11","slug":"responsabilidade-social","status":"publish","type":"page","link":"https:\/\/luchesiadv.com.br\/en\/sobre-nos\/responsabilidade-social\/","title":{"rendered":"Social Responsibility"},"content":{"rendered":"\t\t<div data-elementor-type=\"wp-page\" data-elementor-id=\"33\" class=\"elementor elementor-33\" data-elementor-post-type=\"page\">\n\t\t\t\t<div class=\"elementor-element elementor-element-3369b80 e-con-full e-grid e-con e-parent\" data-id=\"3369b80\" data-element_type=\"container\" data-e-type=\"container\" data-settings=\"{&quot;background_background&quot;:&quot;classic&quot;}\">\n\t\t<div class=\"elementor-element elementor-element-a0fdef1 e-flex e-con-boxed e-con e-child\" data-id=\"a0fdef1\" data-element_type=\"container\" data-e-type=\"container\" data-settings=\"{&quot;background_background&quot;:&quot;classic&quot;}\">\n\t\t\t\t\t<div class=\"e-con-inner\">\n\t\t\t\t<div class=\"elementor-element elementor-element-382f5b5 elementor-widget__width-initial elementor-widget elementor-widget-heading\" data-id=\"382f5b5\" data-element_type=\"widget\" data-e-type=\"widget\" data-widget_type=\"heading.default\">\n\t\t\t\t<div class=\"elementor-widget-container\">\n\t\t\t\t\t<h1 class=\"elementor-heading-title elementor-size-default\">\n<b>Responsabilidade Social<\/b><\/h1>\t\t\t\t<\/div>\n\t\t\t\t<\/div>\n\t\t\t\t<div class=\"elementor-element elementor-element-b5689c5 elementor-hidden-desktop elementor-hidden-laptop elementor-hidden-tablet elementor-hidden-mobile elementor-widget-divider--view-line elementor-widget elementor-widget-divider\" data-id=\"b5689c5\" data-element_type=\"widget\" data-e-type=\"widget\" data-widget_type=\"divider.default\">\n\t\t\t\t<div class=\"elementor-widget-container\">\n\t\t\t\t\t\t\t<div class=\"elementor-divider\">\n\t\t\t<span class=\"elementor-divider-separator\">\n\t\t\t\t\t\t<\/span>\n\t\t<\/div>\n\t\t\t\t\t\t<\/div>\n\t\t\t\t<\/div>\n\t\t\t\t<div class=\"elementor-element elementor-element-3686937 elementor-widget__width-initial elementor-hidden-desktop elementor-hidden-laptop elementor-hidden-tablet elementor-hidden-mobile elementor-widget elementor-widget-text-editor\" data-id=\"3686937\" data-element_type=\"widget\" data-e-type=\"widget\" data-widget_type=\"text-editor.default\">\n\t\t\t\t<div class=\"elementor-widget-container\">\n\t\t\t\t\t\t\t\t\tBuscamos pr\u00e1ticas sustent\u00e1veis, responsabilidade social e governan\u00e7a transparente para promover impactos positivos e duradouros em nossa sociedade, conectando o presente ao futuro\t\t\t\t\t\t\t\t<\/div>\n\t\t\t\t<\/div>\n\t\t\t\t\t<\/div>\n\t\t\t\t<\/div>\n\t\t<div class=\"elementor-element elementor-element-52411fa elementor-hidden-mobile e-flex e-con-boxed e-con e-child\" data-id=\"52411fa\" data-element_type=\"container\" data-e-type=\"container\" data-settings=\"{&quot;background_background&quot;:&quot;classic&quot;}\">\n\t\t\t\t\t<div class=\"e-con-inner\">\n\t\t\t\t\t<\/div>\n\t\t\t\t<\/div>\n\t\t\t\t<\/div>\n\t\t<div class=\"elementor-element elementor-element-d3fae4d e-con-full e-flex e-con e-parent\" data-id=\"d3fae4d\" data-element_type=\"container\" data-e-type=\"container\" data-settings=\"{&quot;background_background&quot;:&quot;classic&quot;}\">\n\t\t\t\t<div class=\"elementor-element elementor-element-bcbd12a elementor-widget elementor-widget-heading\" data-id=\"bcbd12a\" data-element_type=\"widget\" data-e-type=\"widget\" data-widget_type=\"heading.default\">\n\t\t\t\t<div class=\"elementor-widget-container\">\n\t\t\t\t\t<p class=\"elementor-heading-title elementor-size-default\">Instituto Cultural Gr\u00e3o de Areia<\/p>\t\t\t\t<\/div>\n\t\t\t\t<\/div>\n\t\t<div class=\"elementor-element elementor-element-04fe58d e-flex e-con-boxed e-con e-child\" data-id=\"04fe58d\" data-element_type=\"container\" data-e-type=\"container\" data-settings=\"{&quot;background_background&quot;:&quot;classic&quot;}\">\n\t\t\t\t\t<div class=\"e-con-inner\">\n\t\t<div class=\"elementor-element elementor-element-51a95dd e-flex e-con-boxed e-con e-child\" data-id=\"51a95dd\" data-element_type=\"container\" data-e-type=\"container\">\n\t\t\t\t\t<div class=\"e-con-inner\">\n\t\t\t\t<div class=\"elementor-element elementor-element-6865b87 elementor-widget elementor-widget-heading\" data-id=\"6865b87\" data-element_type=\"widget\" data-e-type=\"widget\" data-widget_type=\"heading.default\">\n\t\t\t\t<div class=\"elementor-widget-container\">\n\t\t\t\t\t<h2 class=\"elementor-heading-title elementor-size-default\">M\u00fasica como forma de inclus\u00e3o social.<\/h2>\t\t\t\t<\/div>\n\t\t\t\t<\/div>\n\t\t\t\t<div class=\"elementor-element elementor-element-8c96c76 elementor-widget elementor-widget-text-editor\" data-id=\"8c96c76\" data-element_type=\"widget\" data-e-type=\"widget\" data-widget_type=\"text-editor.default\">\n\t\t\t\t<div class=\"elementor-widget-container\">\n\t\t\t\t\t\t\t\t\t<p>O Instituto Cultural Gr\u00e3o de Areia (GDA) \u00e9 uma organiza\u00e7\u00e3o da sociedade civil (OSC) sem fins lucrativos que acredita no valor da m\u00fasica como forma de inclus\u00e3o social e cultural. Dedicado \u00e0s crian\u00e7as e adolescentes, com idades entre 10 e 17 anos que estudam em escolas p\u00fablicas na zona norte de S\u00e3o Paulo, o GDA oferece oficinas musicais gratuitas de viol\u00e3o, violino, canto coral, piano, guitarra e percuss\u00e3o. Em 2024 o projeto est\u00e1 atendendo uma m\u00e9dia de 150 alunos por semestre letivo, e al\u00e9m das oficinas disponibiliza apresenta\u00e7\u00f5es musicais gratuitas com a participa\u00e7\u00e3o de alunos, professores e artistas renomados \u00e0 comunidade local.<\/p>\t\t\t\t\t\t\t\t<\/div>\n\t\t\t\t<\/div>\n\t\t\t\t\t<\/div>\n\t\t\t\t<\/div>\n\t\t<div class=\"elementor-element elementor-element-1fa3bb7 e-flex e-con-boxed e-con e-child\" data-id=\"1fa3bb7\" data-element_type=\"container\" data-e-type=\"container\">\n\t\t\t\t\t<div class=\"e-con-inner\">\n\t\t\t\t<div class=\"elementor-element elementor-element-f9325de elementor-widget elementor-widget-image\" data-id=\"f9325de\" data-element_type=\"widget\" data-e-type=\"widget\" data-widget_type=\"image.default\">\n\t\t\t\t<div class=\"elementor-widget-container\">\n\t\t\t\t\t\t\t\t\t\t\t\t\t\t\t<img fetchpriority=\"high\" decoding=\"async\" width=\"800\" height=\"705\" src=\"https:\/\/luchesiadv.com.br\/wp-content\/uploads\/2024\/06\/logo_GDA_cropped.jpg\" class=\"attachment-large size-large wp-image-422\" alt=\"\" srcset=\"https:\/\/luchesiadv.com.br\/wp-content\/uploads\/2024\/06\/logo_GDA_cropped.jpg 908w, https:\/\/luchesiadv.com.br\/wp-content\/uploads\/2024\/06\/logo_GDA_cropped-300x264.jpg 300w, https:\/\/luchesiadv.com.br\/wp-content\/uploads\/2024\/06\/logo_GDA_cropped-768x677.jpg 768w\" sizes=\"(max-width: 800px) 100vw, 800px\" \/>\t\t\t\t\t\t\t\t\t\t\t\t\t\t\t<\/div>\n\t\t\t\t<\/div>\n\t\t\t\t<div class=\"elementor-element elementor-element-02f5bcb elementor-align-right elementor-mobile-align-left elementor-widget elementor-widget-button\" data-id=\"02f5bcb\" data-element_type=\"widget\" data-e-type=\"widget\" data-widget_type=\"button.default\">\n\t\t\t\t<div class=\"elementor-widget-container\">\n\t\t\t\t\t\t\t\t\t<div class=\"elementor-button-wrapper\">\n\t\t\t\t\t<a class=\"elementor-button elementor-button-link elementor-size-sm\" href=\"#\">\n\t\t\t\t\t\t<span class=\"elementor-button-content-wrapper\">\n\t\t\t\t\t\t<span class=\"elementor-button-icon\">\n\t\t\t\t<svg xmlns=\"http:\/\/www.w3.org\/2000\/svg\" fill-rule=\"evenodd\" clip-rule=\"evenodd\" viewBox=\"0 0 512 376.83\"><path fill-rule=\"nonzero\" d=\"M355.12 372.7a12.026 12.026 0 0 1-17.09 1.06c-5-4.47-5.46-12.2-1.04-17.25l136.05-155.82H12.15c-6.71 0-12.15-5.5-12.15-12.28 0-6.77 5.44-12.27 12.15-12.27h460.9L336.99 20.32c-4.42-5.05-3.96-12.78 1.04-17.25 5.01-4.47 12.66-4 17.09 1.05l153.67 176c4.17 4.55 4.33 11.64.17 16.39L355.12 372.7z\"><\/path><\/svg>\t\t\t<\/span>\n\t\t\t\t\t\t\t\t\t<span class=\"elementor-button-text\">Descubra o Instituto Gr\u00e3o de Areia<\/span>\n\t\t\t\t\t<\/span>\n\t\t\t\t\t<\/a>\n\t\t\t\t<\/div>\n\t\t\t\t\t\t\t\t<\/div>\n\t\t\t\t<\/div>\n\t\t\t\t\t<\/div>\n\t\t\t\t<\/div>\n\t\t\t\t\t<\/div>\n\t\t\t\t<\/div>\n\t\t\t\t<\/div>\n\t\t<div class=\"elementor-element elementor-element-94716d8 e-con-full e-flex e-con e-parent\" data-id=\"94716d8\" data-element_type=\"container\" data-e-type=\"container\" data-settings=\"{&quot;background_background&quot;:&quot;classic&quot;}\">\n\t\t\t\t<div class=\"elementor-element elementor-element-80bbc16 elementor-widget elementor-widget-heading\" data-id=\"80bbc16\" data-element_type=\"widget\" data-e-type=\"widget\" data-widget_type=\"heading.default\">\n\t\t\t\t<div class=\"elementor-widget-container\">\n\t\t\t\t\t<p class=\"elementor-heading-title elementor-size-default\">Projeto Cultivar<\/p>\t\t\t\t<\/div>\n\t\t\t\t<\/div>\n\t\t<div class=\"elementor-element elementor-element-c34245a e-flex e-con-boxed e-con e-child\" data-id=\"c34245a\" data-element_type=\"container\" data-e-type=\"container\" data-settings=\"{&quot;background_background&quot;:&quot;classic&quot;}\">\n\t\t\t\t\t<div class=\"e-con-inner\">\n\t\t<div class=\"elementor-element elementor-element-6bc5a05 e-flex e-con-boxed e-con e-child\" data-id=\"6bc5a05\" data-element_type=\"container\" data-e-type=\"container\">\n\t\t\t\t\t<div class=\"e-con-inner\">\n\t\t\t\t<div class=\"elementor-element elementor-element-99d28a6 elementor-widget elementor-widget-heading\" data-id=\"99d28a6\" data-element_type=\"widget\" data-e-type=\"widget\" data-widget_type=\"heading.default\">\n\t\t\t\t<div class=\"elementor-widget-container\">\n\t\t\t\t\t<h2 class=\"elementor-heading-title elementor-size-default\">Presta\u00e7\u00e3o de servi\u00e7os na modalidade pr\u00f3-bono<\/h2>\t\t\t\t<\/div>\n\t\t\t\t<\/div>\n\t\t\t\t<div class=\"elementor-element elementor-element-774bfb0 elementor-widget elementor-widget-text-editor\" data-id=\"774bfb0\" data-element_type=\"widget\" data-e-type=\"widget\" data-widget_type=\"text-editor.default\">\n\t\t\t\t<div class=\"elementor-widget-container\">\n\t\t\t\t\t\t\t\t\t<p>O Projeto Cultivar+ \u00e9 uma inciativa do escrit\u00f3rio Luchesi Advogados que tem por objetivo proporcionar \u00e0 sociedade servi\u00e7os jur\u00eddicos de qualidade sob a modalidade \u201cpro bono\u201d em tr\u00eas frentes.<\/p><p>A primeira delas \u00e9 a presta\u00e7\u00e3o de servi\u00e7o jur\u00eddico gratuito para associa\u00e7\u00f5es, funda\u00e7\u00f5es, institutos e outras organiza\u00e7\u00f5es da sociedade civil (doravante simplesmente chamadas de Institui\u00e7\u00e3o) que se dediquem a valores compartilhados pelo escrit\u00f3rio. A segunda \u00e9 o voluntariado, focado em Institui\u00e7\u00f5es Sociais e a terceira \u00e9 o patroc\u00ednio de medidas administrativas ou judiciais para pessoas f\u00edsicas hipossuficientes, de modo a promover a prote\u00e7\u00e3o e a garantia de seus direitos.<\/p>\t\t\t\t\t\t\t\t<\/div>\n\t\t\t\t<\/div>\n\t\t<div class=\"elementor-element elementor-element-826564d e-flex e-con-boxed e-con e-child\" data-id=\"826564d\" data-element_type=\"container\" data-e-type=\"container\">\n\t\t\t\t\t<div class=\"e-con-inner\">\n\t\t\t\t\t<\/div>\n\t\t\t\t<\/div>\n\t\t\t\t\t<\/div>\n\t\t\t\t<\/div>\n\t\t<div class=\"elementor-element elementor-element-e52d9a2 e-flex e-con-boxed e-con e-child\" data-id=\"e52d9a2\" data-element_type=\"container\" data-e-type=\"container\">\n\t\t\t\t\t<div class=\"e-con-inner\">\n\t\t\t\t<div class=\"elementor-element elementor-element-4e89744 elementor-widget__width-initial elementor-widget elementor-widget-image\" data-id=\"4e89744\" data-element_type=\"widget\" data-e-type=\"widget\" data-widget_type=\"image.default\">\n\t\t\t\t<div class=\"elementor-widget-container\">\n\t\t\t\t\t\t\t\t\t\t\t\t\t\t\t<img decoding=\"async\" width=\"800\" height=\"170\" src=\"https:\/\/luchesiadv.com.br\/wp-content\/uploads\/2024\/06\/logo_Cultivar_cropped.jpg\" class=\"attachment-large size-large wp-image-423\" alt=\"\" srcset=\"https:\/\/luchesiadv.com.br\/wp-content\/uploads\/2024\/06\/logo_Cultivar_cropped.jpg 1005w, https:\/\/luchesiadv.com.br\/wp-content\/uploads\/2024\/06\/logo_Cultivar_cropped-300x64.jpg 300w, https:\/\/luchesiadv.com.br\/wp-content\/uploads\/2024\/06\/logo_Cultivar_cropped-768x164.jpg 768w\" sizes=\"(max-width: 800px) 100vw, 800px\" \/>\t\t\t\t\t\t\t\t\t\t\t\t\t\t\t<\/div>\n\t\t\t\t<\/div>\n\t\t<div class=\"elementor-element elementor-element-34367f2 e-flex e-con-boxed e-con e-child\" data-id=\"34367f2\" data-element_type=\"container\" data-e-type=\"container\" data-settings=\"{&quot;background_background&quot;:&quot;classic&quot;}\">\n\t\t\t\t\t<div class=\"e-con-inner\">\n\t\t\t\t<div class=\"elementor-element elementor-element-0ec14f1 elementor-widget elementor-widget-text-editor\" data-id=\"0ec14f1\" data-element_type=\"widget\" data-e-type=\"widget\" data-widget_type=\"text-editor.default\">\n\t\t\t\t<div class=\"elementor-widget-container\">\n\t\t\t\t\t\t\t\t\tLeia o regulamento e caso queira utilizar esse benef\u00edcio preencha o formul\u00e1rio.\t\t\t\t\t\t\t\t<\/div>\n\t\t\t\t<\/div>\n\t\t\t\t<div class=\"elementor-element elementor-element-3f2b450 elementor-align-left elementor-mobile-align-left elementor-widget elementor-widget-button\" data-id=\"3f2b450\" data-element_type=\"widget\" data-e-type=\"widget\" data-widget_type=\"button.default\">\n\t\t\t\t<div class=\"elementor-widget-container\">\n\t\t\t\t\t\t\t\t\t<div class=\"elementor-button-wrapper\">\n\t\t\t\t\t<a class=\"elementor-button elementor-button-link elementor-size-sm\" href=\"#\">\n\t\t\t\t\t\t<span class=\"elementor-button-content-wrapper\">\n\t\t\t\t\t\t<span class=\"elementor-button-icon\">\n\t\t\t\t<svg xmlns=\"http:\/\/www.w3.org\/2000\/svg\" fill-rule=\"evenodd\" clip-rule=\"evenodd\" viewBox=\"0 0 512 376.83\"><path fill-rule=\"nonzero\" d=\"M355.12 372.7a12.026 12.026 0 0 1-17.09 1.06c-5-4.47-5.46-12.2-1.04-17.25l136.05-155.82H12.15c-6.71 0-12.15-5.5-12.15-12.28 0-6.77 5.44-12.27 12.15-12.27h460.9L336.99 20.32c-4.42-5.05-3.96-12.78 1.04-17.25 5.01-4.47 12.66-4 17.09 1.05l153.67 176c4.17 4.55 4.33 11.64.17 16.39L355.12 372.7z\"><\/path><\/svg>\t\t\t<\/span>\n\t\t\t\t\t\t\t\t\t<span class=\"elementor-button-text\">Acesse o regulamento<\/span>\n\t\t\t\t\t<\/span>\n\t\t\t\t\t<\/a>\n\t\t\t\t<\/div>\n\t\t\t\t\t\t\t\t<\/div>\n\t\t\t\t<\/div>\n\t\t\t\t<div class=\"elementor-element elementor-element-cdac772 elementor-widget__width-initial elementor-button-align-stretch elementor-widget elementor-widget-form\" data-id=\"cdac772\" data-element_type=\"widget\" data-e-type=\"widget\" data-settings=\"{&quot;step_next_label&quot;:&quot;Pr\\u00f3ximo&quot;,&quot;step_previous_label&quot;:&quot;Anterior&quot;,&quot;_animation&quot;:&quot;none&quot;,&quot;button_width&quot;:&quot;100&quot;,&quot;step_type&quot;:&quot;number_text&quot;,&quot;step_icon_shape&quot;:&quot;circle&quot;}\" data-widget_type=\"form.default\">\n\t\t\t\t<div class=\"elementor-widget-container\">\n\t\t\t\t\t\t\t<form class=\"elementor-form\" method=\"post\" name=\"Contato Rodap\u00e9\" aria-label=\"Contato Rodap\u00e9\">\n\t\t\t<input type=\"hidden\" name=\"post_id\" value=\"33\"\/>\n\t\t\t<input type=\"hidden\" name=\"form_id\" value=\"cdac772\"\/>\n\t\t\t<input type=\"hidden\" name=\"referer_title\" value=\"\" \/>\n\n\t\t\t\n\t\t\t<div class=\"elementor-form-fields-wrapper elementor-labels-\">\n\t\t\t\t\t\t\t\t<div class=\"elementor-field-type-text elementor-field-group elementor-column elementor-field-group-name elementor-col-100 elementor-field-required\">\n\t\t\t\t\t\t\t\t\t\t\t\t<label for=\"form-field-name\" class=\"elementor-field-label elementor-screen-only\">\n\t\t\t\t\t\t\t\tNome\t\t\t\t\t\t\t<\/label>\n\t\t\t\t\t\t\t\t\t\t\t\t\t\t<input size=\"1\" type=\"text\" name=\"form_fields[name]\" id=\"form-field-name\" class=\"elementor-field elementor-size-sm  elementor-field-textual\" placeholder=\"Nome\" required=\"required\">\n\t\t\t\t\t\t\t\t\t\t\t<\/div>\n\t\t\t\t\t\t\t\t<div class=\"elementor-field-type-email elementor-field-group elementor-column elementor-field-group-email elementor-col-100 elementor-field-required\">\n\t\t\t\t\t\t\t\t\t\t\t\t<label for=\"form-field-email\" class=\"elementor-field-label elementor-screen-only\">\n\t\t\t\t\t\t\t\tE-mail\t\t\t\t\t\t\t<\/label>\n\t\t\t\t\t\t\t\t\t\t\t\t\t\t<input size=\"1\" type=\"email\" name=\"form_fields[email]\" id=\"form-field-email\" class=\"elementor-field elementor-size-sm  elementor-field-textual\" placeholder=\"E-mail\" required=\"required\">\n\t\t\t\t\t\t\t\t\t\t\t<\/div>\n\t\t\t\t\t\t\t\t<div class=\"elementor-field-type-tel elementor-field-group elementor-column elementor-field-group-field_1a27ee5 elementor-col-100 elementor-field-required\">\n\t\t\t\t\t\t\t\t\t\t\t\t<label for=\"form-field-field_1a27ee5\" class=\"elementor-field-label elementor-screen-only\">\n\t\t\t\t\t\t\t\tTelefone\t\t\t\t\t\t\t<\/label>\n\t\t\t\t\t\t\t\t<input size=\"1\" type=\"tel\" name=\"form_fields[field_1a27ee5]\" id=\"form-field-field_1a27ee5\" class=\"elementor-field elementor-size-sm  elementor-field-textual\" placeholder=\"Telefone\" required=\"required\" pattern=\"[0-9()#&amp;+*-=.]+\" title=\"Only numbers and phone characters (#, -, *, etc) are accepted.\">\n\n\t\t\t\t\t\t<\/div>\n\t\t\t\t\t\t\t\t<div class=\"elementor-field-type-textarea elementor-field-group elementor-column elementor-field-group-field_97add5f elementor-col-100 elementor-field-required\">\n\t\t\t\t\t\t\t\t\t\t\t\t<label for=\"form-field-field_97add5f\" class=\"elementor-field-label elementor-screen-only\">\n\t\t\t\t\t\t\t\tMensagem\t\t\t\t\t\t\t<\/label>\n\t\t\t\t\t\t<textarea class=\"elementor-field-textual elementor-field  elementor-size-sm\" name=\"form_fields[field_97add5f]\" id=\"form-field-field_97add5f\" rows=\"7\" placeholder=\"Mensagem\" required=\"required\"><\/textarea>\t\t\t\t<\/div>\n\t\t\t\t\t\t\t\t<div class=\"elementor-field-group elementor-column elementor-field-type-submit elementor-col-100 e-form__buttons\">\n\t\t\t\t\t<button class=\"elementor-button elementor-size-sm\" type=\"submit\">\n\t\t\t\t\t\t<span class=\"elementor-button-content-wrapper\">\n\t\t\t\t\t\t\t\t\t\t\t\t\t\t\t\t\t\t\t\t\t\t<span class=\"elementor-button-text\"><b>Enviar<\/b><\/span>\n\t\t\t\t\t\t\t\t\t\t\t\t\t<\/span>\n\t\t\t\t\t<\/button>\n\t\t\t\t<\/div>\n\t\t\t<\/div>\n\t\t<\/form>\n\t\t\t\t\t\t<\/div>\n\t\t\t\t<\/div>\n\t\t\t\t\t<\/div>\n\t\t\t\t<\/div>\n\t\t\t\t\t<\/div>\n\t\t\t\t<\/div>\n\t\t\t\t\t<\/div>\n\t\t\t\t<\/div>\n\t\t\t\t<\/div>\n\t\t<div class=\"elementor-element elementor-element-f87fad1 e-con-full e-flex e-con e-parent\" data-id=\"f87fad1\" data-element_type=\"container\" data-e-type=\"container\" data-settings=\"{&quot;background_background&quot;:&quot;classic&quot;}\">\n\t\t<div class=\"elementor-element elementor-element-e898ec1 e-con-full e-grid e-con e-child\" data-id=\"e898ec1\" data-element_type=\"container\" data-e-type=\"container\">\n\t\t\t\t<div class=\"elementor-element elementor-element-c3bb366 elementor-widget elementor-widget-image\" data-id=\"c3bb366\" data-element_type=\"widget\" data-e-type=\"widget\" data-widget_type=\"image.default\">\n\t\t\t\t<div class=\"elementor-widget-container\">\n\t\t\t\t\t\t\t\t\t\t\t\t\t\t\t<img decoding=\"async\" width=\"800\" height=\"534\" src=\"https:\/\/luchesiadv.com.br\/wp-content\/uploads\/2024\/07\/DIB_1417-1024x683.jpg\" class=\"attachment-large size-large wp-image-675\" alt=\"\" srcset=\"https:\/\/luchesiadv.com.br\/wp-content\/uploads\/2024\/07\/DIB_1417-1024x683.jpg 1024w, https:\/\/luchesiadv.com.br\/wp-content\/uploads\/2024\/07\/DIB_1417-300x200.jpg 300w, https:\/\/luchesiadv.com.br\/wp-content\/uploads\/2024\/07\/DIB_1417-768x512.jpg 768w, https:\/\/luchesiadv.com.br\/wp-content\/uploads\/2024\/07\/DIB_1417-1536x1024.jpg 1536w, https:\/\/luchesiadv.com.br\/wp-content\/uploads\/2024\/07\/DIB_1417-2048x1365.jpg 2048w\" sizes=\"(max-width: 800px) 100vw, 800px\" \/>\t\t\t\t\t\t\t\t\t\t\t\t\t\t\t<\/div>\n\t\t\t\t<\/div>\n\t\t<div class=\"elementor-element elementor-element-edea4f8 e-flex e-con-boxed e-con e-child\" data-id=\"edea4f8\" data-element_type=\"container\" data-e-type=\"container\">\n\t\t\t\t\t<div class=\"e-con-inner\">\n\t\t\t\t<div class=\"elementor-element elementor-element-829aab5 elementor-widget__width-initial elementor-widget elementor-widget-heading\" data-id=\"829aab5\" data-element_type=\"widget\" data-e-type=\"widget\" data-widget_type=\"heading.default\">\n\t\t\t\t<div class=\"elementor-widget-container\">\n\t\t\t\t\t<h2 class=\"elementor-heading-title elementor-size-default\"><b>Fale com a gente <\/b>para transformar seus desafios em solu\u00e7\u00f5es jur\u00eddicas estrat\u00e9gicas!<\/b><\/h2>\t\t\t\t<\/div>\n\t\t\t\t<\/div>\n\t\t\t\t<div class=\"elementor-element elementor-element-19f990e elementor-align-left elementor-mobile-align-left elementor-widget elementor-widget-button\" data-id=\"19f990e\" data-element_type=\"widget\" data-e-type=\"widget\" data-widget_type=\"button.default\">\n\t\t\t\t<div class=\"elementor-widget-container\">\n\t\t\t\t\t\t\t\t\t<div class=\"elementor-button-wrapper\">\n\t\t\t\t\t<a class=\"elementor-button elementor-button-link elementor-size-sm\" href=\"https:\/\/luchesiadv.com.br\/contato\/\">\n\t\t\t\t\t\t<span class=\"elementor-button-content-wrapper\">\n\t\t\t\t\t\t<span class=\"elementor-button-icon\">\n\t\t\t\t<svg xmlns=\"http:\/\/www.w3.org\/2000\/svg\" fill-rule=\"evenodd\" clip-rule=\"evenodd\" viewBox=\"0 0 512 376.83\"><path fill-rule=\"nonzero\" d=\"M355.12 372.7a12.026 12.026 0 0 1-17.09 1.06c-5-4.47-5.46-12.2-1.04-17.25l136.05-155.82H12.15c-6.71 0-12.15-5.5-12.15-12.28 0-6.77 5.44-12.27 12.15-12.27h460.9L336.99 20.32c-4.42-5.05-3.96-12.78 1.04-17.25 5.01-4.47 12.66-4 17.09 1.05l153.67 176c4.17 4.55 4.33 11.64.17 16.39L355.12 372.7z\"><\/path><\/svg>\t\t\t<\/span>\n\t\t\t\t\t\t\t\t\t<span class=\"elementor-button-text\">Entre em contato<\/span>\n\t\t\t\t\t<\/span>\n\t\t\t\t\t<\/a>\n\t\t\t\t<\/div>\n\t\t\t\t\t\t\t\t<\/div>\n\t\t\t\t<\/div>\n\t\t\t\t\t<\/div>\n\t\t\t\t<\/div>\n\t\t\t\t<\/div>\n\t\t\t\t<\/div>\n\t\t\t\t<\/div>\n\t\t","protected":false},"excerpt":{"rendered":"<p>Responsabilidade Social Buscamos pr\u00e1ticas sustent\u00e1veis, responsabilidade social e governan\u00e7a transparente para promover impactos positivos e duradouros em nossa sociedade, conectando o presente ao futuro Instituto Cultural Gr\u00e3o de Areia M\u00fasica como forma de inclus\u00e3o social. O Instituto Cultural Gr\u00e3o de Areia (GDA) \u00e9 uma organiza\u00e7\u00e3o da sociedade civil (OSC) sem fins lucrativos que acredita no [&hellip;]<\/p>\n","protected":false},"author":1,"featured_media":0,"parent":31,"menu_order":0,"comment_status":"closed","ping_status":"closed","template":"","meta":{"_acf_changed":false,"_seopress_robots_primary_cat":"","_seopress_titles_title":"","_seopress_titles_desc":"","_seopress_robots_index":"","footnotes":""},"class_list":["post-33","page","type-page","status-publish","hentry"],"acf":[],"_links":{"self":[{"href":"https:\/\/luchesiadv.com.br\/en\/wp-json\/wp\/v2\/pages\/33","targetHints":{"allow":["GET"]}}],"collection":[{"href":"https:\/\/luchesiadv.com.br\/en\/wp-json\/wp\/v2\/pages"}],"about":[{"href":"https:\/\/luchesiadv.com.br\/en\/wp-json\/wp\/v2\/types\/page"}],"author":[{"embeddable":true,"href":"https:\/\/luchesiadv.com.br\/en\/wp-json\/wp\/v2\/users\/1"}],"replies":[{"embeddable":true,"href":"https:\/\/luchesiadv.com.br\/en\/wp-json\/wp\/v2\/comments?post=33"}],"version-history":[{"count":0,"href":"https:\/\/luchesiadv.com.br\/en\/wp-json\/wp\/v2\/pages\/33\/revisions"}],"up":[{"embeddable":true,"href":"https:\/\/luchesiadv.com.br\/en\/wp-json\/wp\/v2\/pages\/31"}],"wp:attachment":[{"href":"https:\/\/luchesiadv.com.br\/en\/wp-json\/wp\/v2\/media?parent=33"}],"curies":[{"name":"wp","href":"https:\/\/api.w.org\/{rel}","templated":true}]}}