{"id":701,"date":"2024-08-06T17:04:17","date_gmt":"2024-08-06T20:04:17","guid":{"rendered":"https:\/\/luchesiadv.com.br\/?page_id=701"},"modified":"2024-08-06T17:42:42","modified_gmt":"2024-08-06T20:42:42","slug":"politica-de-cookies","status":"publish","type":"page","link":"https:\/\/luchesiadv.com.br\/en\/politica-de-cookies\/","title":{"rendered":"Cookies Policy"},"content":{"rendered":"<div data-elementor-type=\"wp-page\" data-elementor-id=\"701\" class=\"elementor elementor-701\" data-elementor-post-type=\"page\">\n\t\t\t\t<div class=\"elementor-element elementor-element-3262e32d e-con-full e-grid e-con e-parent\" data-id=\"3262e32d\" data-element_type=\"container\" data-e-type=\"container\" data-settings=\"{&quot;background_background&quot;:&quot;classic&quot;}\">\n\t\t<div class=\"elementor-element elementor-element-c4ac5b7 e-flex e-con-boxed e-con e-child\" data-id=\"c4ac5b7\" data-element_type=\"container\" data-e-type=\"container\" data-settings=\"{&quot;background_background&quot;:&quot;classic&quot;}\">\n\t\t\t\t\t<div class=\"e-con-inner\">\n\t\t\t\t<div class=\"elementor-element elementor-element-36f666c1 elementor-widget__width-initial elementor-widget elementor-widget-heading\" data-id=\"36f666c1\" data-element_type=\"widget\" data-e-type=\"widget\" data-widget_type=\"heading.default\">\n\t\t\t\t<div class=\"elementor-widget-container\">\n\t\t\t\t\t<h1 class=\"elementor-heading-title elementor-size-default\"><b>Cookies Policy<\/b><\/h1>\t\t\t\t<\/div>\n\t\t\t\t<\/div>\n\t\t\t\t\t<\/div>\n\t\t\t\t<\/div>\n\t\t<div class=\"elementor-element elementor-element-5e1c63b3 elementor-hidden-mobile e-flex e-con-boxed e-con e-child\" data-id=\"5e1c63b3\" data-element_type=\"container\" data-e-type=\"container\" data-settings=\"{&quot;background_background&quot;:&quot;classic&quot;}\">\n\t\t\t\t\t<div class=\"e-con-inner\">\n\t\t\t\t\t<\/div>\n\t\t\t\t<\/div>\n\t\t\t\t<\/div>\n\t\t<div class=\"elementor-element elementor-element-12afbf73 e-flex e-con-boxed e-con e-parent\" data-id=\"12afbf73\" data-element_type=\"container\" data-e-type=\"container\">\n\t\t\t\t\t<div class=\"e-con-inner\">\n\t\t\t\t<div class=\"elementor-element elementor-element-55434059 elementor-widget elementor-widget-text-editor\" data-id=\"55434059\" data-element_type=\"widget\" data-e-type=\"widget\" data-widget_type=\"text-editor.default\">\n\t\t\t\t<div class=\"elementor-widget-container\">\n\t\t\t\t\t\t\t\t\t<p><strong>LUCHESI LAWYERS<\/strong> law firm headquartered in the city of S\u00e3o Paulo, State of S\u00e3o Paulo at Avenida Francisco Matarazzo, no. 1,500. 16th floor, Torre New York, S\u00e3o Paulo\/SP, CEP 05.001-100 is committed to respecting the privacy and protecting the personal data of data subjects with whom we interact, in compliance with applicable laws, especially Law No. 13,709\/2018 (\u201cGeneral Law on the Protection of Personal Data\u201d or \u201cLGPD\u201d).<\/p><p>This Cookie Policy (\u201cPolicy\u201d) aims to inform visitors to our website about the types of cookies we use, their purposes and how you can manage them to provide you with the best experience.<\/p><p>For a better understanding of this policy, we recommend that you also read our Privacy Policy.<\/p><p>By using our websites, you acknowledge the use of cookies in accordance with the conditions described here.<\/p>\t\t\t\t\t\t\t\t<\/div>\n\t\t\t\t<\/div>\n\t\t\t\t<div class=\"elementor-element elementor-element-377ab37a elementor-widget elementor-widget-heading\" data-id=\"377ab37a\" data-element_type=\"widget\" data-e-type=\"widget\" data-widget_type=\"heading.default\">\n\t\t\t\t<div class=\"elementor-widget-container\">\n\t\t\t\t\t<h2 class=\"elementor-heading-title elementor-size-default\">1 - What are cookies?<\/h2>\t\t\t\t<\/div>\n\t\t\t\t<\/div>\n\t\t\t\t<div class=\"elementor-element elementor-element-36c0c19c elementor-widget elementor-widget-text-editor\" data-id=\"36c0c19c\" data-element_type=\"widget\" data-e-type=\"widget\" data-widget_type=\"text-editor.default\">\n\t\t\t\t<div class=\"elementor-widget-container\">\n\t\t\t\t\t\t\t\t\t<p>A cookie is a small text file that is stored by your browser when you visit a website. Almost all websites use cookie technology. On our website we only use three types of cookies, namely: (i) strictly necessary; (ii) performance or analytical; and (iii) behavioral\/marketing which have the following definitions:<\/p><ul><li><p><strong>Strictly necessary cookies:<\/strong> These cookies are intended to enable the act of browsing the website, operating so that the most basic functionalities are effectively offered to the User, such as:<\/p><ul><li>Enable essential features such as software and antivirus;<\/li><li>Arrange our content in a way that is appropriate to your screen size, connection speed and browser type;<\/li><li>Remember your login; and<\/li><li>Understand your browsing behavior and how the platform is being used.<\/li><\/ul><p>These cookies are usually only set in response to actions made by you which amount to a request for services, for example: setting your privacy preferences, logging in or filling in forms.<\/p><\/li><li><p><strong>Performance or analytical cookies:<\/strong> These cookies are used to record data on website usage so that we can improve it in the future, such as page audience data and traffic sources. This data helps us to know which pages are the most and least popular and to see how Users move around the website.<\/p><\/li><li><p><strong>Behavioral or advertising cookies:<\/strong> These cookies are used to track User preferences based on data relating to their browsing.<\/p><\/li><\/ul>\t\t\t\t\t\t\t\t<\/div>\n\t\t\t\t<\/div>\n\t\t\t\t<div class=\"elementor-element elementor-element-729005b1 elementor-widget elementor-widget-heading\" data-id=\"729005b1\" data-element_type=\"widget\" data-e-type=\"widget\" data-widget_type=\"heading.default\">\n\t\t\t\t<div class=\"elementor-widget-container\">\n\t\t\t\t\t<h2 class=\"elementor-heading-title elementor-size-default\">2 - What type of cookies do we use?<\/h2>\t\t\t\t<\/div>\n\t\t\t\t<\/div>\n\t\t\t\t<div class=\"elementor-element elementor-element-611dfa0 elementor-widget elementor-widget-text-editor\" data-id=\"611dfa0\" data-element_type=\"widget\" data-e-type=\"widget\" data-widget_type=\"text-editor.default\">\n\t\t\t\t<div class=\"elementor-widget-container\">\n\t\t\t\t\t\t\t\t\t<strong>Strictly necessary cookies:<\/strong><\/li>\t\t\t\t\t\t\t\t<\/div>\n\t\t\t\t<\/div>\n\t\t\t\t<div class=\"elementor-element elementor-element-3c8af0cc elementor-widget elementor-widget-image\" data-id=\"3c8af0cc\" data-element_type=\"widget\" data-e-type=\"widget\" data-widget_type=\"image.default\">\n\t\t\t\t<div class=\"elementor-widget-container\">\n\t\t\t\t\t\t\t\t\t\t\t\t\t\t\t<img fetchpriority=\"high\" decoding=\"async\" width=\"963\" height=\"438\" src=\"https:\/\/luchesiadv.com.br\/wp-content\/uploads\/2024\/08\/cookies_1_2.jpg\" class=\"attachment-full size-full wp-image-706\" alt=\"\" srcset=\"https:\/\/luchesiadv.com.br\/wp-content\/uploads\/2024\/08\/cookies_1_2.jpg 963w, https:\/\/luchesiadv.com.br\/wp-content\/uploads\/2024\/08\/cookies_1_2-300x136.jpg 300w, https:\/\/luchesiadv.com.br\/wp-content\/uploads\/2024\/08\/cookies_1_2-768x349.jpg 768w\" sizes=\"(max-width: 963px) 100vw, 963px\" \/>\t\t\t\t\t\t\t\t\t\t\t\t\t\t\t<\/div>\n\t\t\t\t<\/div>\n\t\t\t\t<div class=\"elementor-element elementor-element-b4039bb elementor-widget elementor-widget-text-editor\" data-id=\"b4039bb\" data-element_type=\"widget\" data-e-type=\"widget\" data-widget_type=\"text-editor.default\">\n\t\t\t\t<div class=\"elementor-widget-container\">\n\t\t\t\t\t\t\t\t\t<strong>Strictly necessary cookies:<\/strong><\/li>\t\t\t\t\t\t\t\t<\/div>\n\t\t\t\t<\/div>\n\t\t\t\t<div class=\"elementor-element elementor-element-b30a621 elementor-widget elementor-widget-image\" data-id=\"b30a621\" data-element_type=\"widget\" data-e-type=\"widget\" data-widget_type=\"image.default\">\n\t\t\t\t<div class=\"elementor-widget-container\">\n\t\t\t\t\t\t\t\t\t\t\t\t\t\t\t<img decoding=\"async\" width=\"972\" height=\"582\" src=\"https:\/\/luchesiadv.com.br\/wp-content\/uploads\/2024\/08\/cookie2_2.jpg\" class=\"attachment-full size-full wp-image-707\" alt=\"\" srcset=\"https:\/\/luchesiadv.com.br\/wp-content\/uploads\/2024\/08\/cookie2_2.jpg 972w, https:\/\/luchesiadv.com.br\/wp-content\/uploads\/2024\/08\/cookie2_2-300x180.jpg 300w, https:\/\/luchesiadv.com.br\/wp-content\/uploads\/2024\/08\/cookie2_2-768x460.jpg 768w\" sizes=\"(max-width: 972px) 100vw, 972px\" \/>\t\t\t\t\t\t\t\t\t\t\t\t\t\t\t<\/div>\n\t\t\t\t<\/div>\n\t\t\t\t<div class=\"elementor-element elementor-element-cabeec3 elementor-widget elementor-widget-text-editor\" data-id=\"cabeec3\" data-element_type=\"widget\" data-e-type=\"widget\" data-widget_type=\"text-editor.default\">\n\t\t\t\t<div class=\"elementor-widget-container\">\n\t\t\t\t\t\t\t\t\t<strong>Strictly necessary cookies:<\/strong><\/li>\t\t\t\t\t\t\t\t<\/div>\n\t\t\t\t<\/div>\n\t\t\t\t<div class=\"elementor-element elementor-element-a92fb04 elementor-widget elementor-widget-image\" data-id=\"a92fb04\" data-element_type=\"widget\" data-e-type=\"widget\" data-widget_type=\"image.default\">\n\t\t\t\t<div class=\"elementor-widget-container\">\n\t\t\t\t\t\t\t\t\t\t\t\t\t\t\t<img decoding=\"async\" width=\"881\" height=\"114\" src=\"https:\/\/luchesiadv.com.br\/wp-content\/uploads\/2024\/08\/cookie3-3.jpg\" class=\"attachment-full size-full wp-image-710\" alt=\"\" srcset=\"https:\/\/luchesiadv.com.br\/wp-content\/uploads\/2024\/08\/cookie3-3.jpg 881w, https:\/\/luchesiadv.com.br\/wp-content\/uploads\/2024\/08\/cookie3-3-300x39.jpg 300w, https:\/\/luchesiadv.com.br\/wp-content\/uploads\/2024\/08\/cookie3-3-768x99.jpg 768w\" sizes=\"(max-width: 881px) 100vw, 881px\" \/>\t\t\t\t\t\t\t\t\t\t\t\t\t\t\t<\/div>\n\t\t\t\t<\/div>\n\t\t\t\t<div class=\"elementor-element elementor-element-7d5ef432 elementor-widget elementor-widget-heading\" data-id=\"7d5ef432\" data-element_type=\"widget\" data-e-type=\"widget\" data-widget_type=\"heading.default\">\n\t\t\t\t<div class=\"elementor-widget-container\">\n\t\t\t\t\t<h2 class=\"elementor-heading-title elementor-size-default\">3 - Is it possible to control or delete cookies?<\/h2>\t\t\t\t<\/div>\n\t\t\t\t<\/div>\n\t\t\t\t<div class=\"elementor-element elementor-element-33c91457 elementor-widget elementor-widget-text-editor\" data-id=\"33c91457\" data-element_type=\"widget\" data-e-type=\"widget\" data-widget_type=\"text-editor.default\">\n\t\t\t\t<div class=\"elementor-widget-container\">\n\t\t\t\t\t\t\t\t\t<p>You may have seen a pop-up at the bottom of the page alerting you to the use of this tool on your first visit to our website. Although this notice will not appear on subsequent visits, if you do not agree to the use of these cookies, you can disable them at any time by adjusting your preferences in the notice itself or in your browser.<\/p><p>Browsers are different, so please refer to your browser settings menu for instructions on how to change your cookie preferences. If you choose not to receive cookies, our websites may not function properly and some features may become unavailable.<\/p>\t\t\t\t\t\t\t\t<\/div>\n\t\t\t\t<\/div>\n\t\t\t\t<div class=\"elementor-element elementor-element-f07c000 elementor-widget elementor-widget-heading\" data-id=\"f07c000\" data-element_type=\"widget\" data-e-type=\"widget\" data-widget_type=\"heading.default\">\n\t\t\t\t<div class=\"elementor-widget-container\">\n\t\t\t\t\t<h2 class=\"elementor-heading-title elementor-size-default\">4 - Contact<\/h2>\t\t\t\t<\/div>\n\t\t\t\t<\/div>\n\t\t\t\t<div class=\"elementor-element elementor-element-c0395c7 elementor-widget elementor-widget-text-editor\" data-id=\"c0395c7\" data-element_type=\"widget\" data-e-type=\"widget\" data-widget_type=\"text-editor.default\">\n\t\t\t\t<div class=\"elementor-widget-container\">\n\t\t\t\t\t\t\t\t\t<p>If you have any questions, comments or suggestions about this Privacy Policy, or about the processing of your data, please contact our Data Protection Officer (DPO), Ellen Carolina da Silva, via the following email address: <span style=\"text-decoration: underline;\"><a rel=\"noreferrer\">privacidade.dados@luchesiadv.com.br<\/a><\/span><\/p>\t\t\t\t\t\t\t\t<\/div>\n\t\t\t\t<\/div>\n\t\t\t\t<div class=\"elementor-element elementor-element-2ae0ab00 elementor-widget elementor-widget-heading\" data-id=\"2ae0ab00\" data-element_type=\"widget\" data-e-type=\"widget\" data-widget_type=\"heading.default\">\n\t\t\t\t<div class=\"elementor-widget-container\">\n\t\t\t\t\t<h2 class=\"elementor-heading-title elementor-size-default\">5 - Changes<\/h2>\t\t\t\t<\/div>\n\t\t\t\t<\/div>\n\t\t\t\t<div class=\"elementor-element elementor-element-61a5395f elementor-widget elementor-widget-text-editor\" data-id=\"61a5395f\" data-element_type=\"widget\" data-e-type=\"widget\" data-widget_type=\"text-editor.default\">\n\t\t\t\t<div class=\"elementor-widget-container\">\n\t\t\t\t\t\t\t\t\tAs we aim to continually improve our services, this Cookie Policy may undergo changes and updates over time to better reflect our personal data processing practices and provide greater security and transparency to our operations. We recommend that you periodically review this Policy to familiarize yourself with any changes.\t\t\t\t\t\t\t\t<\/div>\n\t\t\t\t<\/div>\n\t\t\t\t<div class=\"elementor-element elementor-element-1bf1b3e8 elementor-widget elementor-widget-text-editor\" data-id=\"1bf1b3e8\" data-element_type=\"widget\" data-e-type=\"widget\" data-widget_type=\"text-editor.default\">\n\t\t\t\t<div class=\"elementor-widget-container\">\n\t\t\t\t\t\t\t\t\t<p><span style=\"text-decoration: underline;\"><strong>This policy was last revised on 02.08.2024.<\/strong><\/span><\/p>\t\t\t\t\t\t\t\t<\/div>\n\t\t\t\t<\/div>\n\t\t\t\t\t<\/div>\n\t\t\t\t<\/div>\n\t\t\t\t<\/div>","protected":false},"excerpt":{"rendered":"<p>Pol\u00edtica de Cookies LUCHESI ADVOGADOS sociedade de advogados sediada na cidade de S\u00e3o Paulo, Estado de S\u00e3o Paulo na Avenida Francisco Matarazzo, n\u00ba. 1.500. 16\u00ba andar, Torre New York, S\u00e3o Paulo\/SP, CEP 05.001-100 tem o compromisso de respeitar a privacidade e proteger os dados pessoais dos titulares de dados com quem nos relacionamos, em observ\u00e2ncia [&hellip;]<\/p>\n","protected":false},"author":1,"featured_media":0,"parent":0,"menu_order":0,"comment_status":"closed","ping_status":"closed","template":"","meta":{"_acf_changed":false,"_seopress_robots_primary_cat":"","_seopress_titles_title":"","_seopress_titles_desc":"","_seopress_robots_index":"","footnotes":""},"class_list":["post-701","page","type-page","status-publish","hentry"],"acf":[],"_links":{"self":[{"href":"https:\/\/luchesiadv.com.br\/en\/wp-json\/wp\/v2\/pages\/701","targetHints":{"allow":["GET"]}}],"collection":[{"href":"https:\/\/luchesiadv.com.br\/en\/wp-json\/wp\/v2\/pages"}],"about":[{"href":"https:\/\/luchesiadv.com.br\/en\/wp-json\/wp\/v2\/types\/page"}],"author":[{"embeddable":true,"href":"https:\/\/luchesiadv.com.br\/en\/wp-json\/wp\/v2\/users\/1"}],"replies":[{"embeddable":true,"href":"https:\/\/luchesiadv.com.br\/en\/wp-json\/wp\/v2\/comments?post=701"}],"version-history":[{"count":0,"href":"https:\/\/luchesiadv.com.br\/en\/wp-json\/wp\/v2\/pages\/701\/revisions"}],"wp:attachment":[{"href":"https:\/\/luchesiadv.com.br\/en\/wp-json\/wp\/v2\/media?parent=701"}],"curies":[{"name":"wp","href":"https:\/\/api.w.org\/{rel}","templated":true}]}}